{"id":2233,"date":"2026-03-25T18:11:06","date_gmt":"2026-03-25T17:11:06","guid":{"rendered":"https:\/\/kulturnijiznimesto.cz\/about-us\/"},"modified":"2026-04-30T11:25:13","modified_gmt":"2026-04-30T09:25:13","slug":"about","status":"publish","type":"page","link":"https:\/\/kulturnijiznimesto.cz\/en\/about\/","title":{"rendered":"About us"},"content":{"rendered":"\t\t<div data-elementor-type=\"wp-page\" data-elementor-id=\"2233\" class=\"elementor elementor-2233 elementor-36\" wpc-filter-elementor-widget=\"1\" data-elementor-post-type=\"page\">\n\t\t\t\t<div class=\"elementor-element elementor-element-bd9728a e-flex e-con-boxed e-con e-parent\" data-id=\"bd9728a\" data-element_type=\"container\" data-e-type=\"container\" data-settings=\"{&quot;background_background&quot;:&quot;classic&quot;}\">\n\t\t\t\t\t<div class=\"e-con-inner\">\n\t\t<div class=\"elementor-element elementor-element-6fcc33d e-con-full e-flex e-con e-child\" data-id=\"6fcc33d\" data-element_type=\"container\" data-e-type=\"container\">\n\t\t\t\t<div class=\"elementor-element elementor-element-93054cc elementor-widget elementor-widget-heading\" data-id=\"93054cc\" data-element_type=\"widget\" data-e-type=\"widget\" data-widget_type=\"heading.default\">\n\t\t\t\t\t<h2 class=\"elementor-heading-title elementor-size-default\">Who we are<\/h2>\t\t\t\t<\/div>\n\t\t\t\t<div class=\"elementor-element elementor-element-728964c elementor-widget elementor-widget-heading\" data-id=\"728964c\" data-element_type=\"widget\" data-e-type=\"widget\" data-widget_type=\"heading.default\">\n\t\t\t\t\t<h1 class=\"elementor-heading-title elementor-size-default\">About us<\/h1>\t\t\t\t<\/div>\n\t\t\t\t<div class=\"elementor-element elementor-element-fd18ae5 elementor-widget__width-initial elementor-widget elementor-widget-heading\" data-id=\"fd18ae5\" data-element_type=\"widget\" data-e-type=\"widget\" data-widget_type=\"heading.default\">\n\t\t\t\t\t<p class=\"elementor-heading-title elementor-size-default\">We are the cultural heart of Prague's Ji\u017en\u00ed M\u011bsto. Three distinct institutions united by a common mission: to bring art, culture, education, and community together in one place. <\/p>\t\t\t\t<\/div>\n\t\t\t\t<\/div>\n\t\t\t\t\t<\/div>\n\t\t\t\t<\/div>\n\t\t<div class=\"elementor-element elementor-element-75618d1 e-flex e-con-boxed e-con e-parent\" data-id=\"75618d1\" data-element_type=\"container\" data-e-type=\"container\" data-settings=\"{&quot;background_background&quot;:&quot;classic&quot;}\">\n\t\t\t\t\t<div class=\"e-con-inner\">\n\t\t<div class=\"elementor-element elementor-element-b1ff742 e-con-full e-flex e-con e-child\" data-id=\"b1ff742\" data-element_type=\"container\" data-e-type=\"container\">\n\t\t\t\t<div class=\"elementor-element elementor-element-d5fb1dd elementor-widget elementor-widget-image\" data-id=\"d5fb1dd\" data-element_type=\"widget\" data-e-type=\"widget\" data-settings=\"{&quot;sticky&quot;:&quot;top&quot;,&quot;sticky_on&quot;:[&quot;desktop&quot;,&quot;tablet&quot;],&quot;sticky_offset&quot;:50,&quot;sticky_parent&quot;:&quot;yes&quot;,&quot;sticky_effects_offset&quot;:0,&quot;sticky_anchor_link_offset&quot;:0}\" data-widget_type=\"image.default\">\n\t\t\t\t\t\t\t\t\t\t\t\t\t\t\t\t<a href=\"https:\/\/kulturnijiznimesto.cz\/en\/photo-gallery\/#koncerty\">\n\t\t\t\t\t\t\t<img fetchpriority=\"high\" decoding=\"async\" width=\"600\" height=\"496\" src=\"https:\/\/kulturnijiznimesto.cz\/wp-content\/uploads\/2026\/03\/Frame-55.png\" class=\"attachment-large size-large wp-image-2223\" alt=\"Exterior view of the KC Zahrada cultural center building\" srcset=\"https:\/\/kulturnijiznimesto.cz\/wp-content\/uploads\/2026\/03\/Frame-55.png 600w, https:\/\/kulturnijiznimesto.cz\/wp-content\/uploads\/2026\/03\/Frame-55-300x248.png 300w\" sizes=\"(max-width: 600px) 100vw, 600px\" \/>\t\t\t\t\t\t\t\t<\/a>\n\t\t\t\t\t\t\t\t\t\t\t\t\t\t\t<\/div>\n\t\t\t\t<\/div>\n\t\t<div class=\"elementor-element elementor-element-0354470 e-con-full e-flex e-con e-child\" data-id=\"0354470\" data-element_type=\"container\" data-e-type=\"container\">\n\t\t\t\t<div class=\"elementor-element elementor-element-b5936c6 elementor-position-inline-start elementor-mobile-position-inline-start elementor-widget-mobile__width-inherit elementor-view-default elementor-widget elementor-widget-icon-box\" data-id=\"b5936c6\" data-element_type=\"widget\" data-e-type=\"widget\" data-widget_type=\"icon-box.default\">\n\t\t\t\t\t\t\t<div class=\"elementor-icon-box-wrapper\">\n\n\t\t\t\t\t\t<div class=\"elementor-icon-box-icon\">\n\t\t\t\t<span  class=\"elementor-icon\">\n\t\t\t\t<svg xmlns=\"http:\/\/www.w3.org\/2000\/svg\" width=\"8\" height=\"8\" viewBox=\"0 0 8 8\" fill=\"none\"><rect width=\"8\" height=\"8\" rx=\"4\" fill=\"#4696BD\"><\/rect><\/svg>\t\t\t\t<\/span>\n\t\t\t<\/div>\n\t\t\t\n\t\t\t\t\t\t<div class=\"elementor-icon-box-content\">\n\n\t\t\t\t\t\t\t\t\t<h2 class=\"elementor-icon-box-title\">\n\t\t\t\t\t\t<span  >\n\t\t\t\t\t\t\tKC Zahrada\t\t\t\t\t\t<\/span>\n\t\t\t\t\t<\/h2>\n\t\t\t\t\n\t\t\t\t\n\t\t\t<\/div>\n\t\t\t\n\t\t<\/div>\n\t\t\t\t\t\t<\/div>\n\t\t\t\t<div class=\"elementor-element elementor-element-469c65e elementor-widget elementor-widget-heading\" data-id=\"469c65e\" data-element_type=\"widget\" data-e-type=\"widget\" data-widget_type=\"heading.default\">\n\t\t\t\t\t<h2 class=\"elementor-heading-title elementor-size-default\">KC Zahrada: Cultural Center<\/h2>\t\t\t\t<\/div>\n\t\t\t\t<div class=\"elementor-element elementor-element-4dc53a6 elementor-widget elementor-widget-text-editor\" data-id=\"4dc53a6\" data-element_type=\"widget\" data-e-type=\"widget\" data-widget_type=\"text-editor.default\">\n\t\t\t\t\t\t\t\t\t<h2><span style=\"font-weight: normal;\">It is one of two cultural centers operated by the non-profit organization KULTURN\u00cd JI\u017dN\u00cd M\u011aSTO o.p.s. <\/span><\/h2><h2><span style=\"font-weight: normal; color: inherit;\">KC Zahrada offers cultural and leisure activities for all age groups, from toddlers to seniors. It features a multifunctional hall, a mirrored hall, ceramic and art workshops, a gym, and a number of smaller halls and classrooms.  <\/span><\/h2><h2><span style=\"color: inherit; font-weight: normal;\">Theater, film, music, and social gatherings are the core elements of this cultural center&#8217;s programming. A wide range of hobby activities is provided through numerous courses and workshops led by experienced instructors. <\/span><\/h2><h2><span style=\"color: inherit; font-weight: normal;\">From early morning until evening, visitors can take advantage of these offerings, including seating in our caf\u00e9. In the summer months, the adjacent garden is also available, equipped with a children&#8217;s sandbox, garden furniture, and a fixed fire pit. <\/span><\/h2><h2><span style=\"color: inherit; font-weight: normal;\">Weather permitting, the garden hosts outdoor concerts, theater performances, and other open-air events. <\/span><\/h2><h2><span style=\"color: inherit; font-weight: normal;\">All spaces at KC Zahrada are also available for rent for private or corporate activities. <\/span><\/h2><h2><span style=\"color: inherit; font-weight: normal;\">The entire building is wheelchair accessible. Contracts Concluded: In accordance with Act No. 340\/2015 Coll., on special conditions for the effectiveness of certain contracts, the publication of these contracts and the register of contracts (Act on the Register of Contracts), contracts (including orders) concluded by KULTURN\u00cd JI\u017dN\u00cd M\u011aSTO o.p.s. with a performance value exceeding CZK 50,000 excluding VAT are published in the central register of contracts at: Central Register of Contracts<\/span><\/h2>\t\t\t\t\t\t\t\t<\/div>\n\t\t\t\t<\/div>\n\t\t\t\t\t<\/div>\n\t\t\t\t<\/div>\n\t\t<div class=\"elementor-element elementor-element-15c3d08 e-flex e-con-boxed e-con e-parent\" data-id=\"15c3d08\" data-element_type=\"container\" data-e-type=\"container\" data-settings=\"{&quot;background_background&quot;:&quot;classic&quot;}\">\n\t\t\t\t\t<div class=\"e-con-inner\">\n\t\t<div class=\"elementor-element elementor-element-716b33c e-con-full e-flex e-con e-child\" data-id=\"716b33c\" data-element_type=\"container\" data-e-type=\"container\">\n\t\t\t\t<div class=\"elementor-element elementor-element-6568a5a elementor-position-inline-start elementor-mobile-position-inline-start elementor-view-default elementor-widget elementor-widget-icon-box\" data-id=\"6568a5a\" data-element_type=\"widget\" data-e-type=\"widget\" data-widget_type=\"icon-box.default\">\n\t\t\t\t\t\t\t<div class=\"elementor-icon-box-wrapper\">\n\n\t\t\t\t\t\t<div class=\"elementor-icon-box-icon\">\n\t\t\t\t<span  class=\"elementor-icon\">\n\t\t\t\t<svg xmlns=\"http:\/\/www.w3.org\/2000\/svg\" width=\"8\" height=\"8\" viewBox=\"0 0 8 8\" fill=\"none\"><rect width=\"8\" height=\"8\" rx=\"4\" fill=\"#CA0B11\"><\/rect><\/svg>\t\t\t\t<\/span>\n\t\t\t<\/div>\n\t\t\t\n\t\t\t\t\t\t<div class=\"elementor-icon-box-content\">\n\n\t\t\t\t\t\t\t\t\t<h2 class=\"elementor-icon-box-title\">\n\t\t\t\t\t\t<span  >\n\t\t\t\t\t\t\tChodov Fortress\t\t\t\t\t\t<\/span>\n\t\t\t\t\t<\/h2>\n\t\t\t\t\n\t\t\t\t\n\t\t\t<\/div>\n\t\t\t\n\t\t<\/div>\n\t\t\t\t\t\t<\/div>\n\t\t\t\t<div class=\"elementor-element elementor-element-b933a88 elementor-widget elementor-widget-heading\" data-id=\"b933a88\" data-element_type=\"widget\" data-e-type=\"widget\" data-widget_type=\"heading.default\">\n\t\t\t\t\t<h2 class=\"elementor-heading-title elementor-size-default\">Chodovsk\u00e1 tvrz: Gallery and Spaces<\/h2>\t\t\t\t<\/div>\n\t\t\t\t<div class=\"elementor-element elementor-element-b6173b3 elementor-widget elementor-widget-text-editor\" data-id=\"b6173b3\" data-element_type=\"widget\" data-e-type=\"widget\" data-widget_type=\"text-editor.default\">\n\t\t\t\t\t\t\t\t\t<h2><span style=\"font-weight: normal;\">The history of Chodovsk\u00e1 tvrz dates back to the second half of the 13th century.  <\/span><\/h2><h2><span style=\"font-weight: normal;\"> Originally a medieval water fortress, it served as a defensive residence surrounded by a moat. Over the centuries, it changed owners and its appearance\u2014from the Order of the Knights of St. John to the Benedictines, who rebuilt it into a Baroque chateau in the 17th century.    <\/span><\/h2><h2><span style=\"font-weight: normal;\">The fortress acquired its current Neoclassical appearance with an arcaded courtyard at the beginning of the 19th century under the leadership of the Korb of Weidenheim family.  <\/span><\/h2><h2><span style=\"font-weight: normal;\">The building underwent a major transformation in the 20th century. After a period of decay, the fortress was sensitively renovated for cultural purposes between 1984 and 1988.  <\/span><\/h2><h2><span style=\"font-weight: normal;\"> Historical elements were preserved and integrated with modern uses, creating a unique space in the heart of Ji\u017en\u00ed M\u011bsto. Today, Chodovsk\u00e1 tvrz is a popular cultural center operated by the organization KULTURN\u00cd JI\u017dN\u00cd M\u011aSTO, o.p.s. <\/span><\/h2><h2><span style=\"font-weight: normal;\"> We offer a rich program: concerts and exhibitions in historical halls and galleries; seasonal outdoor events (VLNY, Witches&#8217; Night, Children&#8217;s Day, St. Nicholas Procession); and civil ceremonies and weddings in a unique historical atmosphere.  <\/span><\/h2><h2><span style=\"font-weight: normal;\"> Chodovsk\u00e1 tvrz is a place where rich history meets the modern social life of Prague 11.<\/span><\/h2>\t\t\t\t\t\t\t\t<\/div>\n\t\t\t\t<\/div>\n\t\t<div class=\"elementor-element elementor-element-52260be e-con-full e-flex e-con e-child\" data-id=\"52260be\" data-element_type=\"container\" data-e-type=\"container\">\n\t\t\t\t<div class=\"elementor-element elementor-element-d97e384 elementor-widget elementor-widget-image\" data-id=\"d97e384\" data-element_type=\"widget\" data-e-type=\"widget\" data-settings=\"{&quot;sticky&quot;:&quot;top&quot;,&quot;sticky_on&quot;:[&quot;desktop&quot;,&quot;tablet&quot;],&quot;sticky_offset&quot;:50,&quot;sticky_parent&quot;:&quot;yes&quot;,&quot;sticky_effects_offset&quot;:0,&quot;sticky_anchor_link_offset&quot;:0}\" data-widget_type=\"image.default\">\n\t\t\t\t\t\t\t\t\t\t\t\t\t\t\t\t<a href=\"https:\/\/kulturnijiznimesto.cz\/en\/photo-gallery\/#koncerty\">\n\t\t\t\t\t\t\t<img decoding=\"async\" width=\"800\" height=\"395\" src=\"https:\/\/kulturnijiznimesto.cz\/wp-content\/uploads\/2026\/03\/a411856a75d6443bcd4b53e180cccb5331429eb3-1024x505.jpg\" class=\"attachment-large size-large wp-image-2224\" alt=\"Exterior view of the Chodovsk\u00e1 tvrz cultural center building\" srcset=\"https:\/\/kulturnijiznimesto.cz\/wp-content\/uploads\/2026\/03\/a411856a75d6443bcd4b53e180cccb5331429eb3-1024x505.jpg 1024w, https:\/\/kulturnijiznimesto.cz\/wp-content\/uploads\/2026\/03\/a411856a75d6443bcd4b53e180cccb5331429eb3-300x148.jpg 300w, https:\/\/kulturnijiznimesto.cz\/wp-content\/uploads\/2026\/03\/a411856a75d6443bcd4b53e180cccb5331429eb3-768x379.jpg 768w, https:\/\/kulturnijiznimesto.cz\/wp-content\/uploads\/2026\/03\/a411856a75d6443bcd4b53e180cccb5331429eb3.jpg 1280w\" sizes=\"(max-width: 800px) 100vw, 800px\" \/>\t\t\t\t\t\t\t\t<\/a>\n\t\t\t\t\t\t\t\t\t\t\t\t\t\t\t<\/div>\n\t\t\t\t<\/div>\n\t\t\t\t\t<\/div>\n\t\t\t\t<\/div>\n\t\t<div class=\"elementor-element elementor-element-6e109a9 e-flex e-con-boxed e-con e-parent\" data-id=\"6e109a9\" data-element_type=\"container\" data-e-type=\"container\" data-settings=\"{&quot;background_background&quot;:&quot;classic&quot;}\">\n\t\t\t\t\t<div class=\"e-con-inner\">\n\t\t<div class=\"elementor-element elementor-element-91177a3 e-con-full e-flex e-con e-child\" data-id=\"91177a3\" data-element_type=\"container\" data-e-type=\"container\">\n\t\t\t\t<div class=\"elementor-element elementor-element-06f1e83 elementor-widget elementor-widget-image\" data-id=\"06f1e83\" data-element_type=\"widget\" data-e-type=\"widget\" data-settings=\"{&quot;sticky&quot;:&quot;top&quot;,&quot;sticky_offset&quot;:50,&quot;sticky_parent&quot;:&quot;yes&quot;,&quot;sticky_on&quot;:[&quot;desktop&quot;,&quot;tablet&quot;,&quot;mobile&quot;],&quot;sticky_effects_offset&quot;:0,&quot;sticky_anchor_link_offset&quot;:0}\" data-widget_type=\"image.default\">\n\t\t\t\t\t\t\t\t\t\t\t\t\t\t\t\t<a href=\"https:\/\/kulturnijiznimesto.cz\/en\/photo-gallery\/#koncerty\">\n\t\t\t\t\t\t\t<img decoding=\"async\" width=\"560\" height=\"312\" src=\"https:\/\/kulturnijiznimesto.cz\/wp-content\/uploads\/2026\/04\/162dca4bde8a6ce786e2275f2acbe95db648eec7.jpg\" class=\"attachment-large size-large wp-image-2262\" alt=\"Local Library Chodov\" srcset=\"https:\/\/kulturnijiznimesto.cz\/wp-content\/uploads\/2026\/04\/162dca4bde8a6ce786e2275f2acbe95db648eec7.jpg 560w, https:\/\/kulturnijiznimesto.cz\/wp-content\/uploads\/2026\/04\/162dca4bde8a6ce786e2275f2acbe95db648eec7-300x167.jpg 300w\" sizes=\"(max-width: 560px) 100vw, 560px\" \/>\t\t\t\t\t\t\t\t<\/a>\n\t\t\t\t\t\t\t\t\t\t\t\t\t\t\t<\/div>\n\t\t\t\t<\/div>\n\t\t<div class=\"elementor-element elementor-element-2ce4ea8 e-con-full e-flex e-con e-child\" data-id=\"2ce4ea8\" data-element_type=\"container\" data-e-type=\"container\">\n\t\t\t\t<div class=\"elementor-element elementor-element-cec49bd elementor-position-inline-start elementor-mobile-position-inline-start elementor-view-default elementor-widget elementor-widget-icon-box\" data-id=\"cec49bd\" data-element_type=\"widget\" data-e-type=\"widget\" data-widget_type=\"icon-box.default\">\n\t\t\t\t\t\t\t<div class=\"elementor-icon-box-wrapper\">\n\n\t\t\t\t\t\t<div class=\"elementor-icon-box-icon\">\n\t\t\t\t<span  class=\"elementor-icon\">\n\t\t\t\t<svg xmlns=\"http:\/\/www.w3.org\/2000\/svg\" width=\"8\" height=\"8\" viewBox=\"0 0 8 8\" fill=\"none\"><rect width=\"8\" height=\"8\" rx=\"4\" fill=\"#F8B508\"><\/rect><\/svg>\t\t\t\t<\/span>\n\t\t\t<\/div>\n\t\t\t\n\t\t\t\t\t\t<div class=\"elementor-icon-box-content\">\n\n\t\t\t\t\t\t\t\t\t<h2 class=\"elementor-icon-box-title\">\n\t\t\t\t\t\t<span  >\n\t\t\t\t\t\t\tLocal Library Chodov\t\t\t\t\t\t<\/span>\n\t\t\t\t\t<\/h2>\n\t\t\t\t\n\t\t\t\t\n\t\t\t<\/div>\n\t\t\t\n\t\t<\/div>\n\t\t\t\t\t\t<\/div>\n\t\t\t\t<div class=\"elementor-element elementor-element-929337e elementor-widget elementor-widget-heading\" data-id=\"929337e\" data-element_type=\"widget\" data-e-type=\"widget\" data-widget_type=\"heading.default\">\n\t\t\t\t\t<h2 class=\"elementor-heading-title elementor-size-default\">Local Library Chodov<\/h2>\t\t\t\t<\/div>\n\t\t\t\t<div class=\"elementor-element elementor-element-a85751c elementor-widget elementor-widget-text-editor\" data-id=\"a85751c\" data-element_type=\"widget\" data-e-type=\"widget\" data-widget_type=\"text-editor.default\">\n\t\t\t\t\t\t\t\t\t<h2><span style=\"font-weight: normal;\">It is a welcoming place for readers of all ages. <\/span><\/h2><h2><span style=\"font-weight: normal;\">Our goal is to provide not only access to literature but also modern facilities for education and culture. Thanks to the support of the Ministry of Culture and the Prague 11 municipal district, we have equipped the library with new technology and modernized the children&#8217;s department to offer you even better services and cultural programs.  <\/span><\/h2><h2><span style=\"font-weight: normal;\">How to become a reader? Registration is simple and takes place in person directly at the library.  <\/span><\/h2><h2><span style=\"font-weight: normal;\">After filling in basic details and paying a symbolic fee, you will receive a library card that opens the door to our collection.<\/span><\/h2><h2><span style=\"font-weight: normal;\">The annual fee for adults is 50 CZK &amp; FREE for children under 15, seniors 65+, and ZTP card holders. <\/span><\/h2><h2><span style=\"font-weight: normal;\">Lending services and <a href=\"https:\/\/raks.mlp.cz\/library\/chodov\/\" target=\"_blank\" rel=\"noopener\">online catalog.<\/a> You can borrow up to 10 books at a time from our collection for a period of 30 days. If a title is not reserved by another reader, you can extend the loan (maximum 2 times), either in person, by phone, by email, or conveniently through your account in our online catalog.  <\/span><\/h2><h2><span style=\"font-weight: normal;\">The online catalog also allows you to instantly check book availability or reserve a book from the comfort of your home.<\/span><\/h2>\t\t\t\t\t\t\t\t<\/div>\n\t\t\t\t<\/div>\n\t\t\t\t\t<\/div>\n\t\t\t\t<\/div>\n\t\t<div class=\"elementor-element elementor-element-662b684 elementor-hidden-desktop elementor-hidden-tablet elementor-hidden-mobile e-flex e-con-boxed e-con e-parent\" data-id=\"662b684\" data-element_type=\"container\" data-e-type=\"container\">\n\t\t\t\t\t<div class=\"e-con-inner\">\n\t\t<div class=\"elementor-element elementor-element-f41c68f e-con-full e-flex e-con e-child\" data-id=\"f41c68f\" data-element_type=\"container\" data-e-type=\"container\">\n\t\t<div class=\"elementor-element elementor-element-a9c5051 e-con-full e-flex e-con e-child\" data-id=\"a9c5051\" data-element_type=\"container\" data-e-type=\"container\">\n\t\t\t\t<div class=\"elementor-element elementor-element-6b6cfcd elementor-widget elementor-widget-heading\" data-id=\"6b6cfcd\" data-element_type=\"widget\" data-e-type=\"widget\" data-widget_type=\"heading.default\">\n\t\t\t\t\t<h2 class=\"elementor-heading-title elementor-size-default\">Our partners<\/h2>\t\t\t\t<\/div>\n\t\t\t\t<\/div>\n\t\t<div class=\"elementor-element elementor-element-a2aa0dd e-con-full elementor-hidden-mobile e-flex e-con e-child\" data-id=\"a2aa0dd\" data-element_type=\"container\" data-e-type=\"container\">\n\t\t\t\t<\/div>\n\t\t\t\t<\/div>\n\t\t<div class=\"elementor-element elementor-element-644b164 e-con-full e-flex e-con e-child\" data-id=\"644b164\" data-element_type=\"container\" data-e-type=\"container\">\n\t\t\t\t<div class=\"elementor-element elementor-element-eb0a25b elementor-widget__width-inherit elementor-widget elementor-widget-image-carousel\" data-id=\"eb0a25b\" data-element_type=\"widget\" data-e-type=\"widget\" data-settings=\"{&quot;slides_to_show&quot;:&quot;10&quot;,&quot;slides_to_show_tablet&quot;:&quot;6&quot;,&quot;slides_to_show_mobile&quot;:&quot;3&quot;,&quot;slides_to_scroll&quot;:&quot;6&quot;,&quot;navigation&quot;:&quot;none&quot;,&quot;autoplay&quot;:&quot;yes&quot;,&quot;pause_on_hover&quot;:&quot;yes&quot;,&quot;pause_on_interaction&quot;:&quot;yes&quot;,&quot;autoplay_speed&quot;:5000,&quot;infinite&quot;:&quot;yes&quot;,&quot;speed&quot;:500}\" data-widget_type=\"image-carousel.default\">\n\t\t\t\t\t\t\t<div class=\"elementor-image-carousel-wrapper swiper\" role=\"region\" aria-roledescription=\"carousel\" aria-label=\"Obr\u00e1zkov\u00fd koloto\u010d\" dir=\"rtl\">\n\t\t\t<div class=\"elementor-image-carousel swiper-wrapper\" aria-live=\"off\">\n\t\t\t\t\t\t\t\t<div class=\"swiper-slide\" role=\"group\" aria-roledescription=\"slide\" aria-label=\"1 of 7\"><figure class=\"swiper-slide-inner\"><img decoding=\"async\" class=\"swiper-slide-image\" src=\"https:\/\/kulturnijiznimesto.cz\/wp-content\/uploads\/2026\/03\/Logo-1.png\" alt=\"Logo (1)\" \/><\/figure><\/div><div class=\"swiper-slide\" role=\"group\" aria-roledescription=\"slide\" aria-label=\"2 of 7\"><figure class=\"swiper-slide-inner\"><img decoding=\"async\" class=\"swiper-slide-image\" src=\"https:\/\/kulturnijiznimesto.cz\/wp-content\/uploads\/2026\/03\/Logo-1-1.png\" alt=\"Logo (1)\" \/><\/figure><\/div><div class=\"swiper-slide\" role=\"group\" aria-roledescription=\"slide\" aria-label=\"3 of 7\"><figure class=\"swiper-slide-inner\"><img decoding=\"async\" class=\"swiper-slide-image\" src=\"https:\/\/kulturnijiznimesto.cz\/wp-content\/uploads\/2026\/03\/Logo-1-2.png\" alt=\"Logo (1)\" \/><\/figure><\/div><div class=\"swiper-slide\" role=\"group\" aria-roledescription=\"slide\" aria-label=\"4 of 7\"><figure class=\"swiper-slide-inner\"><img decoding=\"async\" class=\"swiper-slide-image\" src=\"https:\/\/kulturnijiznimesto.cz\/wp-content\/uploads\/2026\/03\/Logo-1-3.png\" alt=\"Logo (1)\" \/><\/figure><\/div><div class=\"swiper-slide\" role=\"group\" aria-roledescription=\"slide\" aria-label=\"5 of 7\"><figure class=\"swiper-slide-inner\"><img decoding=\"async\" class=\"swiper-slide-image\" src=\"https:\/\/kulturnijiznimesto.cz\/wp-content\/uploads\/2026\/03\/Logo-1-4.png\" alt=\"Logo (1)\" \/><\/figure><\/div><div class=\"swiper-slide\" role=\"group\" aria-roledescription=\"slide\" aria-label=\"6 of 7\"><figure class=\"swiper-slide-inner\"><img decoding=\"async\" class=\"swiper-slide-image\" src=\"https:\/\/kulturnijiznimesto.cz\/wp-content\/uploads\/2026\/03\/Logo-1-5.png\" alt=\"Logo (1)\" \/><\/figure><\/div><div class=\"swiper-slide\" role=\"group\" aria-roledescription=\"slide\" aria-label=\"7 of 7\"><figure class=\"swiper-slide-inner\"><img decoding=\"async\" class=\"swiper-slide-image\" src=\"https:\/\/kulturnijiznimesto.cz\/wp-content\/uploads\/2026\/03\/Logo-1-6.png\" alt=\"Logo (1)\" \/><\/figure><\/div>\t\t\t<\/div>\n\t\t\t\t\t\t\t\n\t\t\t\t\t\t\t\t\t<\/div>\n\t\t\t\t\t\t<\/div>\n\t\t\t\t<\/div>\n\t\t\t\t\t<\/div>\n\t\t\t\t<\/div>\n\t\t\t\t<\/div>\n\t\t","protected":false},"excerpt":{"rendered":"<p>Who we are About us We are the cultural heart of Prague&#8217;s Ji\u017en\u00ed M\u011bsto. Three distinct institutions united by a common mission: to bring art, culture, education, and community together in one place. KC Zahrada KC Zahrada: Cultural Center It is one of two cultural centers operated by the non-profit organization KULTURN\u00cd JI\u017dN\u00cd M\u011aSTO o.p.s. [&hellip;]<\/p>\n","protected":false},"author":3,"featured_media":0,"parent":0,"menu_order":0,"comment_status":"closed","ping_status":"closed","template":"elementor_header_footer","meta":{"_acf_changed":false,"footnotes":""},"class_list":["post-2233","page","type-page","status-publish","hentry"],"acf":[],"_links":{"self":[{"href":"https:\/\/kulturnijiznimesto.cz\/en\/wp-json\/wp\/v2\/pages\/2233","targetHints":{"allow":["GET"]}}],"collection":[{"href":"https:\/\/kulturnijiznimesto.cz\/en\/wp-json\/wp\/v2\/pages"}],"about":[{"href":"https:\/\/kulturnijiznimesto.cz\/en\/wp-json\/wp\/v2\/types\/page"}],"author":[{"embeddable":true,"href":"https:\/\/kulturnijiznimesto.cz\/en\/wp-json\/wp\/v2\/users\/3"}],"replies":[{"embeddable":true,"href":"https:\/\/kulturnijiznimesto.cz\/en\/wp-json\/wp\/v2\/comments?post=2233"}],"version-history":[{"count":6,"href":"https:\/\/kulturnijiznimesto.cz\/en\/wp-json\/wp\/v2\/pages\/2233\/revisions"}],"predecessor-version":[{"id":5841,"href":"https:\/\/kulturnijiznimesto.cz\/en\/wp-json\/wp\/v2\/pages\/2233\/revisions\/5841"}],"wp:attachment":[{"href":"https:\/\/kulturnijiznimesto.cz\/en\/wp-json\/wp\/v2\/media?parent=2233"}],"curies":[{"name":"wp","href":"https:\/\/api.w.org\/{rel}","templated":true}]}}