{"id":2357,"date":"2026-04-09T14:33:54","date_gmt":"2026-04-09T12:33:54","guid":{"rendered":"https:\/\/kulturnijiznimesto.cz\/for-kids\/"},"modified":"2026-04-30T10:56:19","modified_gmt":"2026-04-30T08:56:19","slug":"for-kids","status":"publish","type":"page","link":"https:\/\/kulturnijiznimesto.cz\/en\/for-kids\/","title":{"rendered":"For Kids"},"content":{"rendered":"\t\t<div data-elementor-type=\"wp-page\" data-elementor-id=\"2357\" class=\"elementor elementor-2357 elementor-1148\" wpc-filter-elementor-widget=\"1\" data-elementor-post-type=\"page\">\n\t\t\t\t<div class=\"elementor-element elementor-element-4f00244 e-flex e-con-boxed e-con e-parent\" data-id=\"4f00244\" data-element_type=\"container\" data-e-type=\"container\" data-settings=\"{&quot;background_background&quot;:&quot;classic&quot;}\">\n\t\t\t\t\t<div class=\"e-con-inner\">\n\t\t<div class=\"elementor-element elementor-element-004f5ee e-con-full e-flex e-con e-child\" data-id=\"004f5ee\" data-element_type=\"container\" data-e-type=\"container\">\n\t\t\t\t<div class=\"elementor-element elementor-element-727961f elementor-widget elementor-widget-heading\" data-id=\"727961f\" data-element_type=\"widget\" data-e-type=\"widget\" data-widget_type=\"heading.default\">\n\t\t\t\t\t<h1 class=\"elementor-heading-title elementor-size-default\">Programs for children<\/h1>\t\t\t\t<\/div>\n\t\t\t\t<div class=\"elementor-element elementor-element-036fce0 elementor-widget__width-initial elementor-widget elementor-widget-heading\" data-id=\"036fce0\" data-element_type=\"widget\" data-e-type=\"widget\" data-widget_type=\"heading.default\">\n\t\t\t\t\t<h2 class=\"elementor-heading-title elementor-size-default\">As part of the children's program, we offer live or puppet fairy tales, animated film screenings, children's concerts, suburban camps, and other special events.<\/h2>\t\t\t\t<\/div>\n\t\t\t\t<\/div>\n\t\t\t\t\t<\/div>\n\t\t\t\t<\/div>\n\t\t<div class=\"elementor-element elementor-element-1e6d5fa e-flex e-con-boxed e-con e-parent\" data-id=\"1e6d5fa\" data-element_type=\"container\" data-e-type=\"container\">\n\t\t\t\t\t<div class=\"e-con-inner\">\n\t\t<div class=\"elementor-element elementor-element-7d66bc5 e-con-full e-flex e-con e-child\" data-id=\"7d66bc5\" data-element_type=\"container\" data-e-type=\"container\">\n\t\t\t\t<div class=\"elementor-element elementor-element-a4aafd7 elementor-widget elementor-widget-image\" data-id=\"a4aafd7\" data-element_type=\"widget\" data-e-type=\"widget\" data-widget_type=\"image.default\">\n\t\t\t\t\t\t\t\t\t\t\t\t\t\t\t<img fetchpriority=\"high\" decoding=\"async\" width=\"800\" height=\"534\" src=\"https:\/\/kulturnijiznimesto.cz\/wp-content\/uploads\/2026\/04\/pohadka-1024x683.jpg\" class=\"attachment-large size-large wp-image-3342\" alt=\"A puppeteer performing a play with several puppets on stage.\" srcset=\"https:\/\/kulturnijiznimesto.cz\/wp-content\/uploads\/2026\/04\/pohadka-1024x683.jpg 1024w, https:\/\/kulturnijiznimesto.cz\/wp-content\/uploads\/2026\/04\/pohadka-300x200.jpg 300w, https:\/\/kulturnijiznimesto.cz\/wp-content\/uploads\/2026\/04\/pohadka-768x512.jpg 768w, https:\/\/kulturnijiznimesto.cz\/wp-content\/uploads\/2026\/04\/pohadka.jpg 1050w\" sizes=\"(max-width: 800px) 100vw, 800px\" \/>\t\t\t\t\t\t\t\t\t\t\t\t\t\t\t<\/div>\n\t\t\t\t<\/div>\n\t\t<div class=\"elementor-element elementor-element-4790e9c e-con-full e-flex e-con e-child\" data-id=\"4790e9c\" data-element_type=\"container\" data-e-type=\"container\">\n\t\t\t\t<div class=\"elementor-element elementor-element-7cbb59c elementor-position-inline-start elementor-mobile-position-inline-start elementor-widget-mobile__width-inherit elementor-view-default elementor-widget elementor-widget-icon-box\" data-id=\"7cbb59c\" data-element_type=\"widget\" data-e-type=\"widget\" data-widget_type=\"icon-box.default\">\n\t\t\t\t\t\t\t<div class=\"elementor-icon-box-wrapper\">\n\n\t\t\t\t\t\t<div class=\"elementor-icon-box-icon\">\n\t\t\t\t<span  class=\"elementor-icon\">\n\t\t\t\t<svg xmlns=\"http:\/\/www.w3.org\/2000\/svg\" width=\"8\" height=\"8\" viewBox=\"0 0 8 8\" fill=\"none\"><rect width=\"8\" height=\"8\" rx=\"4\" fill=\"#4696BD\"><\/rect><\/svg>\t\t\t\t<\/span>\n\t\t\t<\/div>\n\t\t\t\n\t\t\t\t\t\t<div class=\"elementor-icon-box-content\">\n\n\t\t\t\t\t\t\t\t\t<h3 class=\"elementor-icon-box-title\">\n\t\t\t\t\t\t<span  >\n\t\t\t\t\t\t\tZahrada KC\t\t\t\t\t\t<\/span>\n\t\t\t\t\t<\/h3>\n\t\t\t\t\n\t\t\t\t\n\t\t\t<\/div>\n\t\t\t\n\t\t<\/div>\n\t\t\t\t\t\t<\/div>\n\t\t\t\t<div class=\"elementor-element elementor-element-3ea80df elementor-widget elementor-widget-heading\" data-id=\"3ea80df\" data-element_type=\"widget\" data-e-type=\"widget\" data-widget_type=\"heading.default\">\n\t\t\t\t\t<h2 class=\"elementor-heading-title elementor-size-default\">SATURDAY FAIRY TALES FOR CHILDREN<\/h2>\t\t\t\t<\/div>\n\t\t\t\t<div class=\"elementor-element elementor-element-9638a35 elementor-widget elementor-widget-text-editor\" data-id=\"9638a35\" data-element_type=\"widget\" data-e-type=\"widget\" data-widget_type=\"text-editor.default\">\n\t\t\t\t\t\t\t\t\t<p>We carefully select titles for entertainment and education that will interest both our youngest viewers and their parents and grandparents. We show every Saturday at 3 p.m. <\/p>\t\t\t\t\t\t\t\t<\/div>\n\t\t\t\t<div class=\"elementor-element elementor-element-a77b34d elementor-align-justify elementor-widget elementor-widget-button\" data-id=\"a77b34d\" data-element_type=\"widget\" data-e-type=\"widget\" data-widget_type=\"button.default\">\n\t\t\t\t\t\t\t\t\t\t<a class=\"elementor-button elementor-button-link elementor-size-sm\" href=\"https:\/\/kulturnijiznimesto.cz\/en\/photo-gallery\/#galerie-zona\">\n\t\t\t\t\t\t<span class=\"elementor-button-content-wrapper\">\n\t\t\t\t\t\t<span class=\"elementor-button-icon\">\n\t\t\t\t<svg xmlns=\"http:\/\/www.w3.org\/2000\/svg\" width=\"24\" height=\"24\" viewBox=\"0 0 24 24\" fill=\"none\"><path d=\"M4 12H19M15 7L20 12L15 17\" stroke=\"white\" stroke-width=\"1.5\" stroke-linecap=\"round\" stroke-linejoin=\"round\"><\/path><\/svg>\t\t\t<\/span>\n\t\t\t\t\t\t\t\t\t<span class=\"elementor-button-text\">View gallery<\/span>\n\t\t\t\t\t<\/span>\n\t\t\t\t\t<\/a>\n\t\t\t\t\t\t\t\t<\/div>\n\t\t\t\t<\/div>\n\t\t\t\t\t<\/div>\n\t\t\t\t<\/div>\n\t\t<div class=\"elementor-element elementor-element-c2d6a16 e-flex e-con-boxed e-con e-parent\" data-id=\"c2d6a16\" data-element_type=\"container\" data-e-type=\"container\">\n\t\t\t\t\t<div class=\"e-con-inner\">\n\t\t<div class=\"elementor-element elementor-element-4460fa0 e-con-full e-flex e-con e-child\" data-id=\"4460fa0\" data-element_type=\"container\" data-e-type=\"container\">\n\t\t\t\t<div class=\"elementor-element elementor-element-fc06983 elementor-position-inline-start elementor-mobile-position-inline-start elementor-widget-mobile__width-inherit elementor-view-default elementor-widget elementor-widget-icon-box\" data-id=\"fc06983\" data-element_type=\"widget\" data-e-type=\"widget\" data-widget_type=\"icon-box.default\">\n\t\t\t\t\t\t\t<div class=\"elementor-icon-box-wrapper\">\n\n\t\t\t\t\t\t<div class=\"elementor-icon-box-icon\">\n\t\t\t\t<span  class=\"elementor-icon\">\n\t\t\t\t<svg xmlns=\"http:\/\/www.w3.org\/2000\/svg\" width=\"8\" height=\"8\" viewBox=\"0 0 8 8\" fill=\"none\"><rect width=\"8\" height=\"8\" rx=\"4\" fill=\"#4696BD\"><\/rect><\/svg>\t\t\t\t<\/span>\n\t\t\t<\/div>\n\t\t\t\n\t\t\t\t\t\t<div class=\"elementor-icon-box-content\">\n\n\t\t\t\t\t\t\t\t\t<h3 class=\"elementor-icon-box-title\">\n\t\t\t\t\t\t<span  >\n\t\t\t\t\t\t\tZahrada KC\t\t\t\t\t\t<\/span>\n\t\t\t\t\t<\/h3>\n\t\t\t\t\n\t\t\t\t\n\t\t\t<\/div>\n\t\t\t\n\t\t<\/div>\n\t\t\t\t\t\t<\/div>\n\t\t\t\t<div class=\"elementor-element elementor-element-747ca4b elementor-widget elementor-widget-heading\" data-id=\"747ca4b\" data-element_type=\"widget\" data-e-type=\"widget\" data-widget_type=\"heading.default\">\n\t\t\t\t\t<h2 class=\"elementor-heading-title elementor-size-default\">PROGRAM FOR SCHOOLS AND KINDERGARTEN<\/h2>\t\t\t\t<\/div>\n\t\t\t\t<div class=\"elementor-element elementor-element-f5daf91 elementor-widget elementor-widget-text-editor\" data-id=\"f5daf91\" data-element_type=\"widget\" data-e-type=\"widget\" data-widget_type=\"text-editor.default\">\n\t\t\t\t\t\t\t\t\t<p>We offer live or puppet theatre or animated fairy tale and film series for children. The dramaturgy is focused not only on entertainment, but also on education of children&#8217;s audiences. Performances and screenings are suitable for children from kindergartens and after-school groups from 1st to 3rd grade and take place every Wednesday at 2:30 p.m. However, they are also open to the general public.      <\/p><p>We also offer the possibility of implementing a program on a given topic (fairy tale, screening, concert) or &#8220;tailor-made&#8221; according to the needs of a school or other facility and according to the requested date. <\/p><p>P\u0159edstaven\u00ed jsou vhodn\u00e1 pro d\u011bti od t\u0159\u00ed let. Vstupn\u00e9 60 K\u010d na divadeln\u00ed p\u0159edstaven\u00ed a 50 K\u010d na prom\u00edt\u00e1n\u00ed, pokud nen\u00ed uvedeno jinak. Vstupn\u00e9 pro \u0161koly 60 K\u010d za \u017e\u00e1ka, pro pedagogick\u00fd doprovod je vstup zdarma.   <\/p>\t\t\t\t\t\t\t\t<\/div>\n\t\t\t\t<div class=\"elementor-element elementor-element-ff7a6fd elementor-align-justify elementor-widget elementor-widget-button\" data-id=\"ff7a6fd\" data-element_type=\"widget\" data-e-type=\"widget\" data-widget_type=\"button.default\">\n\t\t\t\t\t\t\t\t\t\t<a class=\"elementor-button elementor-button-link elementor-size-sm\" href=\"https:\/\/kulturnijiznimesto.cz\/en\/photo-gallery\/#galerie-zona-akce\">\n\t\t\t\t\t\t<span class=\"elementor-button-content-wrapper\">\n\t\t\t\t\t\t<span class=\"elementor-button-icon\">\n\t\t\t\t<svg xmlns=\"http:\/\/www.w3.org\/2000\/svg\" width=\"24\" height=\"24\" viewBox=\"0 0 24 24\" fill=\"none\"><path d=\"M4 12H19M15 7L20 12L15 17\" stroke=\"white\" stroke-width=\"1.5\" stroke-linecap=\"round\" stroke-linejoin=\"round\"><\/path><\/svg>\t\t\t<\/span>\n\t\t\t\t\t\t\t\t\t<span class=\"elementor-button-text\">View gallery<\/span>\n\t\t\t\t\t<\/span>\n\t\t\t\t\t<\/a>\n\t\t\t\t\t\t\t\t<\/div>\n\t\t\t\t<\/div>\n\t\t<div class=\"elementor-element elementor-element-e7b41fb e-con-full e-flex e-con e-child\" data-id=\"e7b41fb\" data-element_type=\"container\" data-e-type=\"container\">\n\t\t\t\t<div class=\"elementor-element elementor-element-35d53f9 elementor-widget elementor-widget-image\" data-id=\"35d53f9\" data-element_type=\"widget\" data-e-type=\"widget\" data-widget_type=\"image.default\">\n\t\t\t\t\t\t\t\t\t\t\t\t\t\t\t<img decoding=\"async\" width=\"800\" height=\"534\" src=\"https:\/\/kulturnijiznimesto.cz\/wp-content\/uploads\/2026\/04\/mikulasska_1-1024x683.jpg\" class=\"attachment-large size-large wp-image-3343\" alt=\"A group of kindergarten children sitting on the floor and watching a performance.\" srcset=\"https:\/\/kulturnijiznimesto.cz\/wp-content\/uploads\/2026\/04\/mikulasska_1-1024x683.jpg 1024w, https:\/\/kulturnijiznimesto.cz\/wp-content\/uploads\/2026\/04\/mikulasska_1-300x200.jpg 300w, https:\/\/kulturnijiznimesto.cz\/wp-content\/uploads\/2026\/04\/mikulasska_1-768x512.jpg 768w, https:\/\/kulturnijiznimesto.cz\/wp-content\/uploads\/2026\/04\/mikulasska_1.jpg 1050w\" sizes=\"(max-width: 800px) 100vw, 800px\" \/>\t\t\t\t\t\t\t\t\t\t\t\t\t\t\t<\/div>\n\t\t\t\t<\/div>\n\t\t\t\t\t<\/div>\n\t\t\t\t<\/div>\n\t\t<div class=\"elementor-element elementor-element-b83075d e-flex e-con-boxed e-con e-parent\" data-id=\"b83075d\" data-element_type=\"container\" data-e-type=\"container\">\n\t\t\t\t\t<div class=\"e-con-inner\">\n\t\t<div class=\"elementor-element elementor-element-618382c e-con-full rent-box e-flex e-con e-child\" data-id=\"618382c\" data-element_type=\"container\" data-e-type=\"container\">\n\t\t\t\t<div class=\"elementor-element elementor-element-6498341 rent-title elementor-widget elementor-widget-heading\" data-id=\"6498341\" data-element_type=\"widget\" data-e-type=\"widget\" data-widget_type=\"heading.default\">\n\t\t\t\t\t<h2 class=\"elementor-heading-title elementor-size-default\">Zahrada KC<\/h2>\t\t\t\t<\/div>\n\t\t\t\t<div class=\"elementor-element elementor-element-61d5902 elementor-widget elementor-widget-heading\" data-id=\"61d5902\" data-element_type=\"widget\" data-e-type=\"widget\" data-widget_type=\"heading.default\">\n\t\t\t\t\t<h2 class=\"elementor-heading-title elementor-size-default\">Booking contact<\/h2>\t\t\t\t<\/div>\n\t\t\t\t<\/div>\n\t\t<div class=\"elementor-element elementor-element-0dc010f e-con-full e-flex e-con e-child\" data-id=\"0dc010f\" data-element_type=\"container\" data-e-type=\"container\">\n\t\t<div class=\"elementor-element elementor-element-f6db9c4 e-con-full e-flex e-con e-child\" data-id=\"f6db9c4\" data-element_type=\"container\" data-e-type=\"container\">\n\t\t\t\t<div class=\"elementor-element elementor-element-857d8ff elementor-position-inline-start elementor-mobile-position-inline-start elementor-view-default elementor-widget elementor-widget-icon-box\" data-id=\"857d8ff\" data-element_type=\"widget\" data-e-type=\"widget\" data-widget_type=\"icon-box.default\">\n\t\t\t\t\t\t\t<div class=\"elementor-icon-box-wrapper\">\n\n\t\t\t\t\t\t<div class=\"elementor-icon-box-icon\">\n\t\t\t\t<span  class=\"elementor-icon\">\n\t\t\t\t<svg xmlns=\"http:\/\/www.w3.org\/2000\/svg\" width=\"40\" height=\"40\" viewBox=\"0 0 40 40\" fill=\"none\"><rect width=\"40\" height=\"40\" rx=\"20\" fill=\"#F5F5F5\"><\/rect><path d=\"M12 29C12 29 12.8889 23.1848 20 23.1848C27.1111 23.1848 28 29 28 29M24.5 15.5C24.5 17.9853 22.4853 20 20 20C17.5147 20 15.5 17.9853 15.5 15.5C15.5 13.0147 17.5147 11 20 11C22.4853 11 24.5 13.0147 24.5 15.5Z\" stroke=\"#797979\" stroke-width=\"1.5\" stroke-linecap=\"round\" stroke-linejoin=\"round\"><\/path><\/svg>\t\t\t\t<\/span>\n\t\t\t<\/div>\n\t\t\t\n\t\t\t\t\t\t<div class=\"elementor-icon-box-content\">\n\n\t\t\t\t\t\t\t\t\t<h3 class=\"elementor-icon-box-title\">\n\t\t\t\t\t\t<span  >\n\t\t\t\t\t\t\tReception\t\t\t\t\t\t<\/span>\n\t\t\t\t\t<\/h3>\n\t\t\t\t\n\t\t\t\t\t\t\t\t\t<p class=\"elementor-icon-box-description\">\n\t\t\t\t\t\tInformation about tickets, program, and courses\t\t\t\t\t<\/p>\n\t\t\t\t\n\t\t\t<\/div>\n\t\t\t\n\t\t<\/div>\n\t\t\t\t\t\t<\/div>\n\t\t\t\t<div class=\"elementor-element elementor-element-1f601d3 elementor-position-inline-start elementor-mobile-position-inline-start elementor-view-default elementor-widget elementor-widget-icon-box\" data-id=\"1f601d3\" data-element_type=\"widget\" data-e-type=\"widget\" data-widget_type=\"icon-box.default\">\n\t\t\t\t\t\t\t<div class=\"elementor-icon-box-wrapper\">\n\n\t\t\t\t\t\t<div class=\"elementor-icon-box-icon\">\n\t\t\t\t<span  class=\"elementor-icon\">\n\t\t\t\t<svg xmlns=\"http:\/\/www.w3.org\/2000\/svg\" width=\"40\" height=\"40\" viewBox=\"0 0 40 40\" fill=\"none\"><rect width=\"40\" height=\"40\" rx=\"20\" fill=\"#F5F5F5\"><\/rect><path d=\"M20 26H20.0076M18.8 29H21.2C22.8802 29 23.7202 29 24.362 28.673C24.9265 28.3854 25.3854 27.9265 25.673 27.362C26 26.7202 26 25.8802 26 24.2V15.8C26 14.1198 26 13.2798 25.673 12.638C25.3854 12.0735 24.9265 11.6146 24.362 11.327C23.7202 11 22.8802 11 21.2 11H18.8C17.1198 11 16.2798 11 15.638 11.327C15.0735 11.6146 14.6146 12.0735 14.327 12.638C14 13.2798 14 14.1198 14 15.8V24.2C14 25.8802 14 26.7202 14.327 27.362C14.6146 27.9265 15.0735 28.3854 15.638 28.673C16.2798 29 17.1198 29 18.8 29Z\" stroke=\"#797979\" stroke-width=\"1.5\" stroke-linecap=\"round\" stroke-linejoin=\"round\"><\/path><\/svg>\t\t\t\t<\/span>\n\t\t\t<\/div>\n\t\t\t\n\t\t\t\t\t\t<div class=\"elementor-icon-box-content\">\n\n\t\t\t\t\t\t\t\t\t<h3 class=\"elementor-icon-box-title\">\n\t\t\t\t\t\t<span  >\n\t\t\t\t\t\t\t  +420 271 910 246\t\t\t\t\t\t<\/span>\n\t\t\t\t\t<\/h3>\n\t\t\t\t\n\t\t\t\t\n\t\t\t<\/div>\n\t\t\t\n\t\t<\/div>\n\t\t\t\t\t\t<\/div>\n\t\t\t\t<div class=\"elementor-element elementor-element-2f0e339 elementor-position-inline-start elementor-mobile-position-inline-start elementor-view-default elementor-widget elementor-widget-icon-box\" data-id=\"2f0e339\" data-element_type=\"widget\" data-e-type=\"widget\" data-widget_type=\"icon-box.default\">\n\t\t\t\t\t\t\t<div class=\"elementor-icon-box-wrapper\">\n\n\t\t\t\t\t\t<div class=\"elementor-icon-box-icon\">\n\t\t\t\t<span  class=\"elementor-icon\">\n\t\t\t\t<svg xmlns=\"http:\/\/www.w3.org\/2000\/svg\" width=\"40\" height=\"40\" viewBox=\"0 0 40 40\" fill=\"none\"><rect width=\"40\" height=\"40\" rx=\"20\" fill=\"#F5F5F5\"><\/rect><path d=\"M11.5 13.5854L19.0076 20.2097C19.5746 20.71 20.4254 20.71 20.9924 20.2097L28.5 13.5854M13 28H27C28.6569 28 30 26.6569 30 25V15C30 13.3431 28.6569 12 27 12H13C11.3431 12 10 13.3431 10 15V25C10 26.6569 11.3431 28 13 28Z\" stroke=\"#797979\" stroke-width=\"1.5\" stroke-linecap=\"round\" stroke-linejoin=\"round\"><\/path><\/svg>\t\t\t\t<\/span>\n\t\t\t<\/div>\n\t\t\t\n\t\t\t\t\t\t<div class=\"elementor-icon-box-content\">\n\n\t\t\t\t\t\t\t\t\t<h3 class=\"elementor-icon-box-title\">\n\t\t\t\t\t\t<span  >\n\t\t\t\t\t\t\tzahrada@kczahrada.cz\t\t\t\t\t\t<\/span>\n\t\t\t\t\t<\/h3>\n\t\t\t\t\n\t\t\t\t\n\t\t\t<\/div>\n\t\t\t\n\t\t<\/div>\n\t\t\t\t\t\t<\/div>\n\t\t\t\t<\/div>\n\t\t<div class=\"elementor-element elementor-element-9e88bcb e-con-full e-flex e-con e-child\" data-id=\"9e88bcb\" data-element_type=\"container\" data-e-type=\"container\">\n\t\t\t\t<div class=\"elementor-element elementor-element-264953a elementor-position-inline-start elementor-mobile-position-inline-start elementor-view-default elementor-widget elementor-widget-icon-box\" data-id=\"264953a\" data-element_type=\"widget\" data-e-type=\"widget\" data-widget_type=\"icon-box.default\">\n\t\t\t\t\t\t\t<div class=\"elementor-icon-box-wrapper\">\n\n\t\t\t\t\t\t<div class=\"elementor-icon-box-icon\">\n\t\t\t\t<span  class=\"elementor-icon\">\n\t\t\t\t<svg xmlns=\"http:\/\/www.w3.org\/2000\/svg\" width=\"40\" height=\"40\" viewBox=\"0 0 40 40\" fill=\"none\"><rect width=\"40\" height=\"40\" rx=\"20\" fill=\"#F5F5F5\"><\/rect><path d=\"M12 29C12 29 12.8889 23.1848 20 23.1848C27.1111 23.1848 28 29 28 29M24.5 15.5C24.5 17.9853 22.4853 20 20 20C17.5147 20 15.5 17.9853 15.5 15.5C15.5 13.0147 17.5147 11 20 11C22.4853 11 24.5 13.0147 24.5 15.5Z\" stroke=\"#797979\" stroke-width=\"1.5\" stroke-linecap=\"round\" stroke-linejoin=\"round\"><\/path><\/svg>\t\t\t\t<\/span>\n\t\t\t<\/div>\n\t\t\t\n\t\t\t\t\t\t<div class=\"elementor-icon-box-content\">\n\n\t\t\t\t\t\t\t\t\t<h3 class=\"elementor-icon-box-title\">\n\t\t\t\t\t\t<span  >\n\t\t\t\t\t\t\tJarek Hylebrant\t\t\t\t\t\t<\/span>\n\t\t\t\t\t<\/h3>\n\t\t\t\t\n\t\t\t\t\t\t\t\t\t<p class=\"elementor-icon-box-description\">\n\t\t\t\t\t\tChildren's theater, production\t\t\t\t\t<\/p>\n\t\t\t\t\n\t\t\t<\/div>\n\t\t\t\n\t\t<\/div>\n\t\t\t\t\t\t<\/div>\n\t\t\t\t<div class=\"elementor-element elementor-element-82d0fa7 elementor-position-inline-start elementor-mobile-position-inline-start elementor-view-default elementor-widget elementor-widget-icon-box\" data-id=\"82d0fa7\" data-element_type=\"widget\" data-e-type=\"widget\" data-widget_type=\"icon-box.default\">\n\t\t\t\t\t\t\t<div class=\"elementor-icon-box-wrapper\">\n\n\t\t\t\t\t\t<div class=\"elementor-icon-box-icon\">\n\t\t\t\t<span  class=\"elementor-icon\">\n\t\t\t\t<svg xmlns=\"http:\/\/www.w3.org\/2000\/svg\" width=\"40\" height=\"40\" viewBox=\"0 0 40 40\" fill=\"none\"><rect width=\"40\" height=\"40\" rx=\"20\" fill=\"#F5F5F5\"><\/rect><path d=\"M20 26H20.0076M18.8 29H21.2C22.8802 29 23.7202 29 24.362 28.673C24.9265 28.3854 25.3854 27.9265 25.673 27.362C26 26.7202 26 25.8802 26 24.2V15.8C26 14.1198 26 13.2798 25.673 12.638C25.3854 12.0735 24.9265 11.6146 24.362 11.327C23.7202 11 22.8802 11 21.2 11H18.8C17.1198 11 16.2798 11 15.638 11.327C15.0735 11.6146 14.6146 12.0735 14.327 12.638C14 13.2798 14 14.1198 14 15.8V24.2C14 25.8802 14 26.7202 14.327 27.362C14.6146 27.9265 15.0735 28.3854 15.638 28.673C16.2798 29 17.1198 29 18.8 29Z\" stroke=\"#797979\" stroke-width=\"1.5\" stroke-linecap=\"round\" stroke-linejoin=\"round\"><\/path><\/svg>\t\t\t\t<\/span>\n\t\t\t<\/div>\n\t\t\t\n\t\t\t\t\t\t<div class=\"elementor-icon-box-content\">\n\n\t\t\t\t\t\t\t\t\t<h3 class=\"elementor-icon-box-title\">\n\t\t\t\t\t\t<span  >\n\t\t\t\t\t\t\t+ 420 777 404 031\t\t\t\t\t\t<\/span>\n\t\t\t\t\t<\/h3>\n\t\t\t\t\n\t\t\t\t\n\t\t\t<\/div>\n\t\t\t\n\t\t<\/div>\n\t\t\t\t\t\t<\/div>\n\t\t\t\t<div class=\"elementor-element elementor-element-d2d1f11 elementor-position-inline-start elementor-mobile-position-inline-start elementor-view-default elementor-widget elementor-widget-icon-box\" data-id=\"d2d1f11\" data-element_type=\"widget\" data-e-type=\"widget\" data-widget_type=\"icon-box.default\">\n\t\t\t\t\t\t\t<div class=\"elementor-icon-box-wrapper\">\n\n\t\t\t\t\t\t<div class=\"elementor-icon-box-icon\">\n\t\t\t\t<span  class=\"elementor-icon\">\n\t\t\t\t<svg xmlns=\"http:\/\/www.w3.org\/2000\/svg\" width=\"40\" height=\"40\" viewBox=\"0 0 40 40\" fill=\"none\"><rect width=\"40\" height=\"40\" rx=\"20\" fill=\"#F5F5F5\"><\/rect><path d=\"M11.5 13.5854L19.0076 20.2097C19.5746 20.71 20.4254 20.71 20.9924 20.2097L28.5 13.5854M13 28H27C28.6569 28 30 26.6569 30 25V15C30 13.3431 28.6569 12 27 12H13C11.3431 12 10 13.3431 10 15V25C10 26.6569 11.3431 28 13 28Z\" stroke=\"#797979\" stroke-width=\"1.5\" stroke-linecap=\"round\" stroke-linejoin=\"round\"><\/path><\/svg>\t\t\t\t<\/span>\n\t\t\t<\/div>\n\t\t\t\n\t\t\t\t\t\t<div class=\"elementor-icon-box-content\">\n\n\t\t\t\t\t\t\t\t\t<h3 class=\"elementor-icon-box-title\">\n\t\t\t\t\t\t<span  >\n\t\t\t\t\t\t\tjarek.hylebrant@kczahrada.cz\t\t\t\t\t\t<\/span>\n\t\t\t\t\t<\/h3>\n\t\t\t\t\n\t\t\t\t\n\t\t\t<\/div>\n\t\t\t\n\t\t<\/div>\n\t\t\t\t\t\t<\/div>\n\t\t\t\t<\/div>\n\t\t\t\t<\/div>\n\t\t\t\t\t<\/div>\n\t\t\t\t<\/div>\n\t\t\t\t<\/div>\n\t\t","protected":false},"excerpt":{"rendered":"<p>Programs for children As part of the children&#8217;s program, we offer live or puppet fairy tales, animated film screenings, children&#8217;s concerts, suburban camps, and other special events. Zahrada KC SATURDAY FAIRY TALES FOR CHILDREN We carefully select titles for entertainment and education that will interest both our youngest viewers and their parents and grandparents. We [&hellip;]<\/p>\n","protected":false},"author":3,"featured_media":0,"parent":0,"menu_order":0,"comment_status":"closed","ping_status":"closed","template":"","meta":{"_acf_changed":false,"footnotes":""},"class_list":["post-2357","page","type-page","status-publish","hentry"],"acf":[],"_links":{"self":[{"href":"https:\/\/kulturnijiznimesto.cz\/en\/wp-json\/wp\/v2\/pages\/2357","targetHints":{"allow":["GET"]}}],"collection":[{"href":"https:\/\/kulturnijiznimesto.cz\/en\/wp-json\/wp\/v2\/pages"}],"about":[{"href":"https:\/\/kulturnijiznimesto.cz\/en\/wp-json\/wp\/v2\/types\/page"}],"author":[{"embeddable":true,"href":"https:\/\/kulturnijiznimesto.cz\/en\/wp-json\/wp\/v2\/users\/3"}],"replies":[{"embeddable":true,"href":"https:\/\/kulturnijiznimesto.cz\/en\/wp-json\/wp\/v2\/comments?post=2357"}],"version-history":[{"count":6,"href":"https:\/\/kulturnijiznimesto.cz\/en\/wp-json\/wp\/v2\/pages\/2357\/revisions"}],"predecessor-version":[{"id":5832,"href":"https:\/\/kulturnijiznimesto.cz\/en\/wp-json\/wp\/v2\/pages\/2357\/revisions\/5832"}],"wp:attachment":[{"href":"https:\/\/kulturnijiznimesto.cz\/en\/wp-json\/wp\/v2\/media?parent=2357"}],"curies":[{"name":"wp","href":"https:\/\/api.w.org\/{rel}","templated":true}]}}